{"id":347,"date":"2025-11-24T19:52:22","date_gmt":"2025-11-24T22:52:22","guid":{"rendered":"https:\/\/sordi.agr.br\/services\/technical-equivalent-process\/"},"modified":"2026-02-05T15:38:52","modified_gmt":"2026-02-05T18:38:52","slug":"produtos-de-registro","status":"publish","type":"page","link":"https:\/\/sordi.agr.br\/pt-br\/services\/produtos-de-registro\/","title":{"rendered":"Processo T\u00e9cnico Equivalente"},"content":{"rendered":"<h2 data-start=\"257\" data-end=\"307\"><strong data-start=\"257\" data-end=\"307\">Como Funciona o Processo de Registro no Brasil<\/strong><\/h2>\n<p data-start=\"370\" data-end=\"682\">No Brasil, nenhum produto t\u00e9cnico ou formulado pode ser comercializado sem registro pr\u00e9vio junto \u00e0s autoridades competentes. Esse processo regulat\u00f3rio \u00e9 obrigat\u00f3rio e envolve avalia\u00e7\u00f5es t\u00e9cnicas conduzidas por \u00f3rg\u00e3os federais respons\u00e1veis por garantir a seguran\u00e7a, a efic\u00e1cia e a conformidade legal dos produtos.<\/p>\n<p data-start=\"684\" data-end=\"946\">O registro somente \u00e9 concedido quando o produto atende aos crit\u00e9rios estabelecidos para efic\u00e1cia agron\u00f4mica, prote\u00e7\u00e3o \u00e0 sa\u00fade humana e preserva\u00e7\u00e3o do meio ambiente, assegurando que sua utiliza\u00e7\u00e3o ocorra de forma segura e em conformidade com a legisla\u00e7\u00e3o vigente.<\/p>\n","protected":false},"excerpt":{"rendered":"<p>Como Funciona o Processo de Registro no Brasil No Brasil, nenhum produto t\u00e9cnico ou formulado pode ser comercializado sem registro pr\u00e9vio junto \u00e0s autoridades competentes. Esse processo regulat\u00f3rio \u00e9 obrigat\u00f3rio e envolve avalia\u00e7\u00f5es t\u00e9cnicas conduzidas por \u00f3rg\u00e3os federais respons\u00e1veis por garantir a seguran\u00e7a, a efic\u00e1cia e a conformidade legal dos [&hellip;]<\/p>\n","protected":false},"author":1,"featured_media":0,"parent":345,"menu_order":0,"comment_status":"closed","ping_status":"closed","template":"page-templates\/template-services-single.php","meta":{"footnotes":""},"class_list":["post-347","page","type-page","status-publish","hentry"],"acf":[],"yoast_head":"<!-- This site is optimized with the Yoast SEO plugin v27.0 - https:\/\/yoast.com\/product\/yoast-seo-wordpress\/ -->\n<title>Processo T\u00e9cnico Equivalente - Sordi AgroConsulting<\/title>\n<meta name=\"robots\" content=\"index, follow, max-snippet:-1, max-image-preview:large, max-video-preview:-1\" \/>\n<link rel=\"canonical\" href=\"https:\/\/sordi.agr.br\/pt-br\/services\/produtos-de-registro\/\" \/>\n<meta property=\"og:locale\" content=\"pt_BR\" \/>\n<meta property=\"og:type\" content=\"article\" \/>\n<meta property=\"og:title\" content=\"Processo T\u00e9cnico Equivalente - Sordi AgroConsulting\" \/>\n<meta property=\"og:description\" content=\"Como Funciona o Processo de Registro no Brasil No Brasil, nenhum produto t\u00e9cnico ou formulado pode ser comercializado sem registro pr\u00e9vio junto \u00e0s autoridades competentes. Esse processo regulat\u00f3rio \u00e9 obrigat\u00f3rio e envolve avalia\u00e7\u00f5es t\u00e9cnicas conduzidas por \u00f3rg\u00e3os federais respons\u00e1veis por garantir a seguran\u00e7a, a efic\u00e1cia e a conformidade legal dos [&hellip;]\" \/>\n<meta property=\"og:url\" content=\"https:\/\/sordi.agr.br\/pt-br\/services\/produtos-de-registro\/\" \/>\n<meta property=\"og:site_name\" content=\"Sordi AgroConsulting\" \/>\n<meta property=\"article:modified_time\" content=\"2026-02-05T18:38:52+00:00\" \/>\n<meta name=\"twitter:card\" content=\"summary_large_image\" \/>\n<meta name=\"twitter:label1\" content=\"Est. tempo de leitura\" \/>\n\t<meta name=\"twitter:data1\" content=\"1 minuto\" \/>\n<script type=\"application\/ld+json\" class=\"yoast-schema-graph\">{\"@context\":\"https:\/\/schema.org\",\"@graph\":[{\"@type\":\"WebPage\",\"@id\":\"https:\/\/sordi.agr.br\/pt-br\/services\/produtos-de-registro\/\",\"url\":\"https:\/\/sordi.agr.br\/pt-br\/services\/produtos-de-registro\/\",\"name\":\"Processo T\u00e9cnico Equivalente - Sordi AgroConsulting\",\"isPartOf\":{\"@id\":\"https:\/\/sordi.agr.br\/#website\"},\"datePublished\":\"2025-11-24T22:52:22+00:00\",\"dateModified\":\"2026-02-05T18:38:52+00:00\",\"breadcrumb\":{\"@id\":\"https:\/\/sordi.agr.br\/pt-br\/services\/produtos-de-registro\/#breadcrumb\"},\"inLanguage\":\"pt-BR\",\"potentialAction\":[{\"@type\":\"ReadAction\",\"target\":[\"https:\/\/sordi.agr.br\/pt-br\/services\/produtos-de-registro\/\"]}]},{\"@type\":\"BreadcrumbList\",\"@id\":\"https:\/\/sordi.agr.br\/pt-br\/services\/produtos-de-registro\/#breadcrumb\",\"itemListElement\":[{\"@type\":\"ListItem\",\"position\":1,\"name\":\"Home\",\"item\":\"https:\/\/sordi.agr.br\/pt-br\/\"},{\"@type\":\"ListItem\",\"position\":2,\"name\":\"Servi\u00e7os\",\"item\":\"https:\/\/sordi.agr.br\/pt-br\/services\/\"},{\"@type\":\"ListItem\",\"position\":3,\"name\":\"Processo T\u00e9cnico Equivalente\"}]},{\"@type\":\"WebSite\",\"@id\":\"https:\/\/sordi.agr.br\/#website\",\"url\":\"https:\/\/sordi.agr.br\/\",\"name\":\"Sordi AgroConsulting\",\"description\":\"\",\"publisher\":{\"@id\":\"https:\/\/sordi.agr.br\/#organization\"},\"potentialAction\":[{\"@type\":\"SearchAction\",\"target\":{\"@type\":\"EntryPoint\",\"urlTemplate\":\"https:\/\/sordi.agr.br\/?s={search_term_string}\"},\"query-input\":{\"@type\":\"PropertyValueSpecification\",\"valueRequired\":true,\"valueName\":\"search_term_string\"}}],\"inLanguage\":\"pt-BR\"},{\"@type\":\"Organization\",\"@id\":\"https:\/\/sordi.agr.br\/#organization\",\"name\":\"Sordi AgroConsulting\",\"url\":\"https:\/\/sordi.agr.br\/\",\"logo\":{\"@type\":\"ImageObject\",\"inLanguage\":\"pt-BR\",\"@id\":\"https:\/\/sordi.agr.br\/#\/schema\/logo\/image\/\",\"url\":\"https:\/\/sordi.agr.br\/wp-content\/uploads\/2026\/02\/sordi-agroconsulting.png\",\"contentUrl\":\"https:\/\/sordi.agr.br\/wp-content\/uploads\/2026\/02\/sordi-agroconsulting.png\",\"width\":1000,\"height\":480,\"caption\":\"Sordi AgroConsulting\"},\"image\":{\"@id\":\"https:\/\/sordi.agr.br\/#\/schema\/logo\/image\/\"},\"sameAs\":[\"https:\/\/www.linkedin.com\/company\/sordi-agroconsulting\/\"]}]}<\/script>\n<!-- \/ Yoast SEO plugin. -->","yoast_head_json":{"title":"Processo T\u00e9cnico Equivalente - Sordi AgroConsulting","robots":{"index":"index","follow":"follow","max-snippet":"max-snippet:-1","max-image-preview":"max-image-preview:large","max-video-preview":"max-video-preview:-1"},"canonical":"https:\/\/sordi.agr.br\/pt-br\/services\/produtos-de-registro\/","og_locale":"pt_BR","og_type":"article","og_title":"Processo T\u00e9cnico Equivalente - Sordi AgroConsulting","og_description":"Como Funciona o Processo de Registro no Brasil No Brasil, nenhum produto t\u00e9cnico ou formulado pode ser comercializado sem registro pr\u00e9vio junto \u00e0s autoridades competentes. Esse processo regulat\u00f3rio \u00e9 obrigat\u00f3rio e envolve avalia\u00e7\u00f5es t\u00e9cnicas conduzidas por \u00f3rg\u00e3os federais respons\u00e1veis por garantir a seguran\u00e7a, a efic\u00e1cia e a conformidade legal dos [&hellip;]","og_url":"https:\/\/sordi.agr.br\/pt-br\/services\/produtos-de-registro\/","og_site_name":"Sordi AgroConsulting","article_modified_time":"2026-02-05T18:38:52+00:00","twitter_card":"summary_large_image","twitter_misc":{"Est. tempo de leitura":"1 minuto"},"schema":{"@context":"https:\/\/schema.org","@graph":[{"@type":"WebPage","@id":"https:\/\/sordi.agr.br\/pt-br\/services\/produtos-de-registro\/","url":"https:\/\/sordi.agr.br\/pt-br\/services\/produtos-de-registro\/","name":"Processo T\u00e9cnico Equivalente - Sordi AgroConsulting","isPartOf":{"@id":"https:\/\/sordi.agr.br\/#website"},"datePublished":"2025-11-24T22:52:22+00:00","dateModified":"2026-02-05T18:38:52+00:00","breadcrumb":{"@id":"https:\/\/sordi.agr.br\/pt-br\/services\/produtos-de-registro\/#breadcrumb"},"inLanguage":"pt-BR","potentialAction":[{"@type":"ReadAction","target":["https:\/\/sordi.agr.br\/pt-br\/services\/produtos-de-registro\/"]}]},{"@type":"BreadcrumbList","@id":"https:\/\/sordi.agr.br\/pt-br\/services\/produtos-de-registro\/#breadcrumb","itemListElement":[{"@type":"ListItem","position":1,"name":"Home","item":"https:\/\/sordi.agr.br\/pt-br\/"},{"@type":"ListItem","position":2,"name":"Servi\u00e7os","item":"https:\/\/sordi.agr.br\/pt-br\/services\/"},{"@type":"ListItem","position":3,"name":"Processo T\u00e9cnico Equivalente"}]},{"@type":"WebSite","@id":"https:\/\/sordi.agr.br\/#website","url":"https:\/\/sordi.agr.br\/","name":"Sordi AgroConsulting","description":"","publisher":{"@id":"https:\/\/sordi.agr.br\/#organization"},"potentialAction":[{"@type":"SearchAction","target":{"@type":"EntryPoint","urlTemplate":"https:\/\/sordi.agr.br\/?s={search_term_string}"},"query-input":{"@type":"PropertyValueSpecification","valueRequired":true,"valueName":"search_term_string"}}],"inLanguage":"pt-BR"},{"@type":"Organization","@id":"https:\/\/sordi.agr.br\/#organization","name":"Sordi AgroConsulting","url":"https:\/\/sordi.agr.br\/","logo":{"@type":"ImageObject","inLanguage":"pt-BR","@id":"https:\/\/sordi.agr.br\/#\/schema\/logo\/image\/","url":"https:\/\/sordi.agr.br\/wp-content\/uploads\/2026\/02\/sordi-agroconsulting.png","contentUrl":"https:\/\/sordi.agr.br\/wp-content\/uploads\/2026\/02\/sordi-agroconsulting.png","width":1000,"height":480,"caption":"Sordi AgroConsulting"},"image":{"@id":"https:\/\/sordi.agr.br\/#\/schema\/logo\/image\/"},"sameAs":["https:\/\/www.linkedin.com\/company\/sordi-agroconsulting\/"]}]}},"_links":{"self":[{"href":"https:\/\/sordi.agr.br\/pt-br\/wp-json\/wp\/v2\/pages\/347","targetHints":{"allow":["GET"]}}],"collection":[{"href":"https:\/\/sordi.agr.br\/pt-br\/wp-json\/wp\/v2\/pages"}],"about":[{"href":"https:\/\/sordi.agr.br\/pt-br\/wp-json\/wp\/v2\/types\/page"}],"author":[{"embeddable":true,"href":"https:\/\/sordi.agr.br\/pt-br\/wp-json\/wp\/v2\/users\/1"}],"replies":[{"embeddable":true,"href":"https:\/\/sordi.agr.br\/pt-br\/wp-json\/wp\/v2\/comments?post=347"}],"version-history":[{"count":20,"href":"https:\/\/sordi.agr.br\/pt-br\/wp-json\/wp\/v2\/pages\/347\/revisions"}],"predecessor-version":[{"id":406,"href":"https:\/\/sordi.agr.br\/pt-br\/wp-json\/wp\/v2\/pages\/347\/revisions\/406"}],"up":[{"embeddable":true,"href":"https:\/\/sordi.agr.br\/pt-br\/wp-json\/wp\/v2\/pages\/345"}],"wp:attachment":[{"href":"https:\/\/sordi.agr.br\/pt-br\/wp-json\/wp\/v2\/media?parent=347"}],"curies":[{"name":"wp","href":"https:\/\/api.w.org\/{rel}","templated":true}]}}